{"id":10904,"date":"2023-10-03T12:34:03","date_gmt":"2023-10-03T10:34:03","guid":{"rendered":"https:\/\/klenkdesign.com\/?post_type=product&#038;p=10904"},"modified":"2023-11-11T10:09:12","modified_gmt":"2023-11-11T09:09:12","slug":"borraccia-thermos-in-acciaio-inossidabile-yisel-750ml-dente-di-leone","status":"publish","type":"product","link":"https:\/\/klenkdesign.com\/it\/prodotto\/borraccia-thermos-in-acciaio-inossidabile-yisel-750ml-dente-di-leone\/","title":{"rendered":"Borraccia thermos in acciaio inossidabile YISEL &#8220;dente di leone&#8221;"},"content":{"rendered":"<p><strong>Bottiglia elegante in acciaio inossidabile con incisione laser<\/strong><\/p>\n<p>Questa <strong>borraccia <\/strong>in <strong>acciaio<\/strong> inossidabile \u00e8 un compagno ideale per lo sport, le attivit\u00e0 all&#8217;aperto, in viaggio o in ufficio. L&#8217;acciaio inossidabile a doppia parete della bottiglia ecologica ha un effetto <strong>isolante<\/strong> e mantiene le cose fredde pi\u00f9 a lungo e le <strong>cose calde pi\u00f9 calde pi\u00f9 a lungo<\/strong>.\u00a0<\/p>\n<p>La <strong>bottiglia isolata<\/strong> \u00e8 realizzata in acciaio inossidabile 18\/8 di alta qualit\u00e0 e il materiale a <strong>doppia parete<\/strong> garantisce il mantenimento a lungo della temperatura.<\/p>\n","protected":false},"excerpt":{"rendered":"<p>Bottiglia elegante in acciaio inossidabile\u00a0<br \/>\ncon motivo &#8220;dente di leone&#8221; inciso al laser,<br \/>\nmateriale isolante a doppia parete,<br \/>\n\u00d8 7 x 29 cm \/ 750 ml<br \/>\nideale per lo sport, l&#8217;outdoor, i viaggi e l&#8217;ufficio<\/p>\n","protected":false},"featured_media":10902,"template":"","meta":[],"product_cat":[305,513,376,339,180],"product_tag":[],"acf":[],"_links":{"self":[{"href":"https:\/\/klenkdesign.com\/it\/wp-json\/wp\/v2\/product\/10904"}],"collection":[{"href":"https:\/\/klenkdesign.com\/it\/wp-json\/wp\/v2\/product"}],"about":[{"href":"https:\/\/klenkdesign.com\/it\/wp-json\/wp\/v2\/types\/product"}],"wp:featuredmedia":[{"embeddable":true,"href":"https:\/\/klenkdesign.com\/it\/wp-json\/wp\/v2\/media\/10902"}],"wp:attachment":[{"href":"https:\/\/klenkdesign.com\/it\/wp-json\/wp\/v2\/media?parent=10904"}],"wp:term":[{"taxonomy":"product_cat","embeddable":true,"href":"https:\/\/klenkdesign.com\/it\/wp-json\/wp\/v2\/product_cat?post=10904"},{"taxonomy":"product_tag","embeddable":true,"href":"https:\/\/klenkdesign.com\/it\/wp-json\/wp\/v2\/product_tag?post=10904"}],"curies":[{"name":"wp","href":"https:\/\/api.w.org\/{rel}","templated":true}]}}