{"id":2762,"date":"2020-05-12T10:12:29","date_gmt":"2020-05-12T08:12:29","guid":{"rendered":"https:\/\/klenkdesign.com\/?post_type=product&#038;p=2762"},"modified":"2020-05-19T16:47:51","modified_gmt":"2020-05-19T14:47:51","slug":"caraffa-per-acqua-05-l","status":"publish","type":"product","link":"https:\/\/klenkdesign.com\/it\/prodotto\/caraffa-per-acqua-05-l\/","title":{"rendered":"Caraffa per acqua 0,5 L"},"content":{"rendered":"<p>Questa elegante caraffa \u00e8 completamente diversa dalla nostra selezione esistente. Il design \u00e8 semplice e moderno. Si adatta quindi bene alle famiglie con un tocco di modernit\u00e0<\/p>\n<p>&nbsp;<\/p>\n","protected":false},"excerpt":{"rendered":"<p>caraffa per acqua 0,5 l non verniciata<\/p>\n<ul>\n<li>Prodotto con cura<\/li>\n<li>Vetro trasparente di alta qualit\u00e0<\/li>\n<li>Capacit\u00e1: 55 cl &#8211; 18 1\/2 oz<\/li>\n<li>h 204 mm &#8211; 8&#8243; h<\/li>\n<li>\u00d8 83 mm &#8211; 3 1\/4<\/li>\n<\/ul>\n","protected":false},"featured_media":2550,"template":"","meta":[],"product_cat":[171,180,396],"product_tag":[],"acf":[],"_links":{"self":[{"href":"https:\/\/klenkdesign.com\/it\/wp-json\/wp\/v2\/product\/2762"}],"collection":[{"href":"https:\/\/klenkdesign.com\/it\/wp-json\/wp\/v2\/product"}],"about":[{"href":"https:\/\/klenkdesign.com\/it\/wp-json\/wp\/v2\/types\/product"}],"wp:featuredmedia":[{"embeddable":true,"href":"https:\/\/klenkdesign.com\/it\/wp-json\/wp\/v2\/media\/2550"}],"wp:attachment":[{"href":"https:\/\/klenkdesign.com\/it\/wp-json\/wp\/v2\/media?parent=2762"}],"wp:term":[{"taxonomy":"product_cat","embeddable":true,"href":"https:\/\/klenkdesign.com\/it\/wp-json\/wp\/v2\/product_cat?post=2762"},{"taxonomy":"product_tag","embeddable":true,"href":"https:\/\/klenkdesign.com\/it\/wp-json\/wp\/v2\/product_tag?post=2762"}],"curies":[{"name":"wp","href":"https:\/\/api.w.org\/{rel}","templated":true}]}}