{"id":2764,"date":"2020-05-12T10:27:21","date_gmt":"2020-05-12T08:27:21","guid":{"rendered":"https:\/\/klenkdesign.com\/?post_type=product&#038;p=2764"},"modified":"2020-05-12T10:28:07","modified_gmt":"2020-05-12T08:28:07","slug":"caraffa-per-acqua-1l-con-fiore-della-vita-dorato","status":"publish","type":"product","link":"https:\/\/klenkdesign.com\/it\/prodotto\/caraffa-per-acqua-1l-con-fiore-della-vita-dorato\/","title":{"rendered":"Caraffa per acqua 1l con Fiore della Vita d\u00b4orato"},"content":{"rendered":"<p>Questa elegante caraffa \u00e8 completamente diversa dalla nostra selezione esistente. Il design \u00e8 semplice e moderno. Si adatta quindi bene alle famiglie con un tocco di modernit\u00e0<\/p>\n","protected":false},"excerpt":{"rendered":"<ul>\n<li>Prodotto con cura<\/li>\n<li>Vetro trasparente di alta qualit\u00e0<\/li>\n<li>Capacit\u00e1: 1 L<\/li>\n<\/ul>\n","protected":false},"featured_media":2541,"template":"","meta":[],"product_cat":[171,180],"product_tag":[],"acf":[],"_links":{"self":[{"href":"https:\/\/klenkdesign.com\/it\/wp-json\/wp\/v2\/product\/2764"}],"collection":[{"href":"https:\/\/klenkdesign.com\/it\/wp-json\/wp\/v2\/product"}],"about":[{"href":"https:\/\/klenkdesign.com\/it\/wp-json\/wp\/v2\/types\/product"}],"wp:featuredmedia":[{"embeddable":true,"href":"https:\/\/klenkdesign.com\/it\/wp-json\/wp\/v2\/media\/2541"}],"wp:attachment":[{"href":"https:\/\/klenkdesign.com\/it\/wp-json\/wp\/v2\/media?parent=2764"}],"wp:term":[{"taxonomy":"product_cat","embeddable":true,"href":"https:\/\/klenkdesign.com\/it\/wp-json\/wp\/v2\/product_cat?post=2764"},{"taxonomy":"product_tag","embeddable":true,"href":"https:\/\/klenkdesign.com\/it\/wp-json\/wp\/v2\/product_tag?post=2764"}],"curies":[{"name":"wp","href":"https:\/\/api.w.org\/{rel}","templated":true}]}}