{"id":2765,"date":"2020-05-12T10:29:41","date_gmt":"2020-05-12T08:29:41","guid":{"rendered":"https:\/\/klenkdesign.com\/?post_type=product&#038;p=2765"},"modified":"2020-05-14T16:33:24","modified_gmt":"2020-05-14T14:33:24","slug":"caraffa-per-acqua-1l-con-fiore-della-vita-colorato","status":"publish","type":"product","link":"https:\/\/klenkdesign.com\/it\/prodotto\/caraffa-per-acqua-1l-con-fiore-della-vita-colorato\/","title":{"rendered":"Caraffa per acqua 1l con Fiore della Vita colorato"},"content":{"rendered":"<p>Questa elegante caraffa \u00e8 completamente diversa dalla nostra selezione esistente. Il design \u00e8 semplice e moderno. Si adatta quindi bene alle famiglie con un tocco di modernit\u00e0<\/p>\n","protected":false},"excerpt":{"rendered":"<ul>\n<li>Prodotto con cura<\/li>\n<li>Vetro trasparente di alta qualit\u00e0<\/li>\n<li>Capacit\u00e1: 1 L<\/li>\n<\/ul>\n","protected":false},"featured_media":2542,"template":"","meta":[],"product_cat":[171,180],"product_tag":[],"acf":[],"_links":{"self":[{"href":"https:\/\/klenkdesign.com\/it\/wp-json\/wp\/v2\/product\/2765"}],"collection":[{"href":"https:\/\/klenkdesign.com\/it\/wp-json\/wp\/v2\/product"}],"about":[{"href":"https:\/\/klenkdesign.com\/it\/wp-json\/wp\/v2\/types\/product"}],"wp:featuredmedia":[{"embeddable":true,"href":"https:\/\/klenkdesign.com\/it\/wp-json\/wp\/v2\/media\/2542"}],"wp:attachment":[{"href":"https:\/\/klenkdesign.com\/it\/wp-json\/wp\/v2\/media?parent=2765"}],"wp:term":[{"taxonomy":"product_cat","embeddable":true,"href":"https:\/\/klenkdesign.com\/it\/wp-json\/wp\/v2\/product_cat?post=2765"},{"taxonomy":"product_tag","embeddable":true,"href":"https:\/\/klenkdesign.com\/it\/wp-json\/wp\/v2\/product_tag?post=2765"}],"curies":[{"name":"wp","href":"https:\/\/api.w.org\/{rel}","templated":true}]}}