{"id":2766,"date":"2020-05-12T10:35:01","date_gmt":"2020-05-12T08:35:01","guid":{"rendered":"https:\/\/klenkdesign.com\/?post_type=product&#038;p=2766"},"modified":"2020-05-12T10:37:55","modified_gmt":"2020-05-12T08:37:55","slug":"borraccia-to-go-075-l-pure-life-in-acciaio-inossidabile","status":"publish","type":"product","link":"https:\/\/klenkdesign.com\/it\/prodotto\/borraccia-to-go-075-l-pure-life-in-acciaio-inossidabile\/","title":{"rendered":"Borraccia TO GO 0,75 l &#8220;PURE LIFE&#8221; in acciaio inossidabile"},"content":{"rendered":"<p><strong>TO GO &#8211; Bottiglia in acciaio inossidabile con incisione laser<\/strong><\/p>\n<p>Questa <strong>borraccia <\/strong>in <strong>acciaio<\/strong> inossidabile spazzolato \u00e8 un compagno ideale per lo sport, le attivit\u00e0 all&#8217;aperto, in viaggio o in ufficio. L&#8217;acciaio inossidabile a doppia parete della bottiglia ecologica ha un effetto <strong>isolante<\/strong> e mantiene le cose fredde pi\u00f9 a lungo e le <strong>cose calde pi\u00f9 calde pi\u00f9 a lungo<\/strong>. Il beverino alla moda TO GO \u00e8 disponibile da 500 ml o 750 ml. I freschi motivi e i detti incisi al laser forniscono un piacere visivo.<\/p>\n<p>La <strong>bottiglia isolata<\/strong> \u00e8 realizzata in acciaio inossidabile 18\/8 di alta qualit\u00e0 e il materiale a <strong>doppia parete<\/strong> garantisce il mantenimento a lungo della temperatura. Il coperchio con pratica maniglia per il trasporto e il filo sono anch&#8217;essi in acciaio inossidabile. Per evitare perdite, nella chiusura del thermos \u00e8 incorporato un anello in silicone. La superficie esterna in acciaio inossidabile della bottiglia di design \u00e8 spazzolata e incisa al laser con un motivo amorevolmente disegnato. <strong>Sono disponibili molti motivi diversi e ce n&#8217;\u00e8 sicuramente per tutti i gusti.<\/strong><\/p>\n<p>\u00a0<strong>TO GO<\/strong> \u00e8 disponibile nella misura S con \u00d8 7,3 x 21 cm per 500 ml e nella misura M con \u00d8 7,8 x 25,5 cm per 750 ml.\u00a0\u00a0Per la pulizia, il beverino in acciaio inossidabile pu\u00f2 essere semplicemente messo in <strong>lavastoviglie<\/strong> ed \u00e8 rapidamente pronto per l&#8217;uso successivo.<\/p>\n<p>Il beverino <strong>TO GO<\/strong> in acciaio inossidabile \u00e8 un perfetto compagno di viaggio e anche un ottimo <strong>regalo<\/strong> per compleanni, Natale e altre occasioni.<\/p>\n","protected":false},"excerpt":{"rendered":"<p>Bottiglia in acciaio inossidabile M<br \/>\ncon motivo inciso al laser,<br \/>\nmateriale isolante a doppia parete,<br \/>\n\u00d8 7,8 x 25,5 cm \/ 750 ml<br \/>\nideale per lo sport, l&#8217;outdoor, i viaggi e l&#8217;ufficio<\/p>\n","protected":false},"featured_media":2545,"template":"","meta":[],"product_cat":[305,171,180],"product_tag":[],"acf":[],"_links":{"self":[{"href":"https:\/\/klenkdesign.com\/it\/wp-json\/wp\/v2\/product\/2766"}],"collection":[{"href":"https:\/\/klenkdesign.com\/it\/wp-json\/wp\/v2\/product"}],"about":[{"href":"https:\/\/klenkdesign.com\/it\/wp-json\/wp\/v2\/types\/product"}],"wp:featuredmedia":[{"embeddable":true,"href":"https:\/\/klenkdesign.com\/it\/wp-json\/wp\/v2\/media\/2545"}],"wp:attachment":[{"href":"https:\/\/klenkdesign.com\/it\/wp-json\/wp\/v2\/media?parent=2766"}],"wp:term":[{"taxonomy":"product_cat","embeddable":true,"href":"https:\/\/klenkdesign.com\/it\/wp-json\/wp\/v2\/product_cat?post=2766"},{"taxonomy":"product_tag","embeddable":true,"href":"https:\/\/klenkdesign.com\/it\/wp-json\/wp\/v2\/product_tag?post=2766"}],"curies":[{"name":"wp","href":"https:\/\/api.w.org\/{rel}","templated":true}]}}