{"id":2799,"date":"2020-05-12T14:22:25","date_gmt":"2020-05-12T12:22:25","guid":{"rendered":"https:\/\/klenkdesign.com\/?post_type=product&#038;p=2799"},"modified":"2020-05-14T14:43:56","modified_gmt":"2020-05-14T12:43:56","slug":"libro-degli-ospiti-grande-a-forma-di-cuore-con-50-piccoli-cuori-di-legno","status":"publish","type":"product","link":"https:\/\/klenkdesign.com\/it\/prodotto\/libro-degli-ospiti-grande-a-forma-di-cuore-con-50-piccoli-cuori-di-legno\/","title":{"rendered":"Libro degli ospiti grande a forma di cuore"},"content":{"rendered":"<p><strong>Il nostro libro degli ospiti originale offre molti vantaggi:<\/strong><\/p>\n<ul>\n<li>Libro degli ospiti creativo alternativo al matrimonio<\/li>\n<li>Bellissimo ricordo e souvenir<\/li>\n<li>Un vero e proprio eye-catcher<\/li>\n<li>Decorazione eccezionale<\/li>\n<li>Regalo unico<\/li>\n<\/ul>\n<p>Siete invitati ad un matrimonio e volete regalare agli sposi un bel souvenir del giorno speciale con un libro degli ospiti? Un regalo di nozze creativo!<br \/>\nA differenza di un libro degli ospiti convenzionale, non raccoglier\u00e0 polvere in un armadio dopo il matrimonio, ma sar\u00e0 sempre presente sulla parete del soggiorno o della camera da letto.<\/p>\n<p>Presentare un regalo di nozze che difficilmente pu\u00f2 essere superato in creativit\u00e0 e originalit\u00e0. Lasciate che gli ospiti invitati decorino i loro cuori prima del matrimonio e consegnino il cuore\u00a0 per poi\u00a0metterlo insieme nel grande giorno. Anche dopo il matrimonio il nostro libro degli ospiti \u00e8 una decorazione straordinaria e allo stesso tempo un bel souvenir.<\/p>\n<p>Un libro degli ospiti creativo e bello per compleanni, anniversari, battesimi, cresime, cresime, comunioni, addii o come decorazione per matrimoni.\u00a0 Ordinate oggi stesso il libro degli ospiti in alternativa al matrimonio e presto avrete tra le mani un regalo di nozze unico.<\/p>\n<p>In questo senso vi auguriamo buon divertimento con il vostro regalo!<\/p>\n","protected":false},"excerpt":{"rendered":"<ul>\n<li>Libro degli ospiti XL in legno a forma di cuore<\/li>\n<li>Libro degli ospiti con 50 cuori in legno su cui scrivere i nomi<\/li>\n<li>Da posizionare in piedi o appendere<\/li>\n<li>Alta qualit\u00e0 | Legno massiccio di alta qualit\u00e0<\/li>\n<li>Idea regalo creativa e originale<\/li>\n<li>Ideale per matrimoni, anniversari, battesimi o altre occasioni<\/li>\n<\/ul>\n<p>&nbsp;<\/p>\n","protected":false},"featured_media":2487,"template":"","meta":[],"product_cat":[171,180],"product_tag":[],"acf":[],"_links":{"self":[{"href":"https:\/\/klenkdesign.com\/it\/wp-json\/wp\/v2\/product\/2799"}],"collection":[{"href":"https:\/\/klenkdesign.com\/it\/wp-json\/wp\/v2\/product"}],"about":[{"href":"https:\/\/klenkdesign.com\/it\/wp-json\/wp\/v2\/types\/product"}],"wp:featuredmedia":[{"embeddable":true,"href":"https:\/\/klenkdesign.com\/it\/wp-json\/wp\/v2\/media\/2487"}],"wp:attachment":[{"href":"https:\/\/klenkdesign.com\/it\/wp-json\/wp\/v2\/media?parent=2799"}],"wp:term":[{"taxonomy":"product_cat","embeddable":true,"href":"https:\/\/klenkdesign.com\/it\/wp-json\/wp\/v2\/product_cat?post=2799"},{"taxonomy":"product_tag","embeddable":true,"href":"https:\/\/klenkdesign.com\/it\/wp-json\/wp\/v2\/product_tag?post=2799"}],"curies":[{"name":"wp","href":"https:\/\/api.w.org\/{rel}","templated":true}]}}