{"id":2831,"date":"2020-05-12T16:13:01","date_gmt":"2020-05-12T14:13:01","guid":{"rendered":"https:\/\/klenkdesign.com\/?post_type=product&#038;p=2831"},"modified":"2022-09-15T23:21:06","modified_gmt":"2022-09-15T21:21:06","slug":"sottobicchiere-in-ardesia-10cm","status":"publish","type":"product","link":"https:\/\/klenkdesign.com\/it\/prodotto\/sottobicchiere-in-ardesia-10cm\/","title":{"rendered":"Sottobicchiere in ardesia personalizzabile 10cm"},"content":{"rendered":"<p>Materiale: pietra, ardesia<br \/>\nDimensioni LxLxA: ca. 10x10x0,5cm<\/p>\n<p>Le possibilit\u00e0 di applicazione delle ardesie nobili sono versatili.\u00a0<br \/>\nAnche questa piccola ardesia pu\u00f2 essere utilizzata ben oltre lo scopo effettivo del sottobicchiere. Cos\u00ec pu\u00f2 essere inciso con il vostro testo o la vostra foto e rapidamente trasformato in un piccolo regalo.<br \/>\nCon il proprio logo, pu\u00f2 diventare\u00a0 un elemento aziendale in un ristorante o in un&#8217;azienda.\u00a0<\/p>\n","protected":false},"excerpt":{"rendered":"<p>Materiale: pietra, ardesia Dimensioni LxLxA: ca. 10x10x0,5cm Le possibilit\u00e0 di applicazione delle ardesie nobili sono versatili.\u00a0 Anche questa piccola ardesia pu\u00f2 essere utilizzata ben oltre lo scopo effettivo del sottobicchiere. Cos\u00ec pu\u00f2 essere inciso con il vostro testo o la vostra foto e rapidamente trasformato in un piccolo regalo. Con il proprio logo, pu\u00f2 diventare\u00a0 [&hellip;]<\/p>\n","protected":false},"featured_media":2117,"template":"","meta":[],"product_cat":[171,493,180],"product_tag":[],"acf":[],"_links":{"self":[{"href":"https:\/\/klenkdesign.com\/it\/wp-json\/wp\/v2\/product\/2831"}],"collection":[{"href":"https:\/\/klenkdesign.com\/it\/wp-json\/wp\/v2\/product"}],"about":[{"href":"https:\/\/klenkdesign.com\/it\/wp-json\/wp\/v2\/types\/product"}],"wp:featuredmedia":[{"embeddable":true,"href":"https:\/\/klenkdesign.com\/it\/wp-json\/wp\/v2\/media\/2117"}],"wp:attachment":[{"href":"https:\/\/klenkdesign.com\/it\/wp-json\/wp\/v2\/media?parent=2831"}],"wp:term":[{"taxonomy":"product_cat","embeddable":true,"href":"https:\/\/klenkdesign.com\/it\/wp-json\/wp\/v2\/product_cat?post=2831"},{"taxonomy":"product_tag","embeddable":true,"href":"https:\/\/klenkdesign.com\/it\/wp-json\/wp\/v2\/product_tag?post=2831"}],"curies":[{"name":"wp","href":"https:\/\/api.w.org\/{rel}","templated":true}]}}