{"id":2894,"date":"2020-05-13T12:09:35","date_gmt":"2020-05-13T10:09:35","guid":{"rendered":"https:\/\/klenkdesign.com\/?post_type=product&#038;p=2894"},"modified":"2022-09-15T23:21:09","modified_gmt":"2022-09-15T21:21:09","slug":"tampone-per-timbri-sostituzione-per-trodat-4910","status":"publish","type":"product","link":"https:\/\/klenkdesign.com\/it\/prodotto\/tampone-per-timbri-sostituzione-per-trodat-4910\/","title":{"rendered":"Tampone per timbri (sostituzione) per Trodat 4910"},"content":{"rendered":"<p>Die Trodatstempel sind qualitative und langlebige Produkte. Wenn das Stempelbild unscharf wird oder die Farbe nicht mehr gleichm\u00e4\u00dfig auftr\u00e4gt, dann kann das passende Ersatzstempelkissen einzeln nachbestellt werden. <br \/>\nDer Wechsel ist denkbar einfach.<br \/>\nDas Stempelkissen ist mit der ausgew\u00e4hlten Tinte vorgetr\u00e4nkt.<\/p>\n","protected":false},"excerpt":{"rendered":"<p><strong>Tampone di ricambio per Trodat 4910<\/strong><br \/>\nFacile da sostituire<\/p>\n","protected":false},"featured_media":2197,"template":"","meta":[],"product_cat":[186],"product_tag":[],"acf":[],"_links":{"self":[{"href":"https:\/\/klenkdesign.com\/it\/wp-json\/wp\/v2\/product\/2894"}],"collection":[{"href":"https:\/\/klenkdesign.com\/it\/wp-json\/wp\/v2\/product"}],"about":[{"href":"https:\/\/klenkdesign.com\/it\/wp-json\/wp\/v2\/types\/product"}],"wp:featuredmedia":[{"embeddable":true,"href":"https:\/\/klenkdesign.com\/it\/wp-json\/wp\/v2\/media\/2197"}],"wp:attachment":[{"href":"https:\/\/klenkdesign.com\/it\/wp-json\/wp\/v2\/media?parent=2894"}],"wp:term":[{"taxonomy":"product_cat","embeddable":true,"href":"https:\/\/klenkdesign.com\/it\/wp-json\/wp\/v2\/product_cat?post=2894"},{"taxonomy":"product_tag","embeddable":true,"href":"https:\/\/klenkdesign.com\/it\/wp-json\/wp\/v2\/product_tag?post=2894"}],"curies":[{"name":"wp","href":"https:\/\/api.w.org\/{rel}","templated":true}]}}