{"id":2901,"date":"2020-05-13T14:33:40","date_gmt":"2020-05-13T12:33:40","guid":{"rendered":"https:\/\/klenkdesign.com\/?post_type=product&#038;p=2901"},"modified":"2022-09-15T23:21:09","modified_gmt":"2022-09-15T21:21:09","slug":"gomma-per-timbri-4913-58x22-mm","status":"publish","type":"product","link":"https:\/\/klenkdesign.com\/it\/prodotto\/gomma-per-timbri-4913-58x22-mm\/","title":{"rendered":"Tampone per timbri (sostituzione) per Trodat 4911"},"content":{"rendered":"<p>I timbri Trodat sono prodotti di qualit\u00e0 e durevoli. Se il timbro diventa sfocata o l&#8217;inchiostro non viene pi\u00f9 applicato in modo uniforme, il tampone di ricambio corrispondente pu\u00f2 essere riordinato individualmente.<br \/>\nIl cambiamento \u00e8 molto facile.<br \/>\nIl tampone \u00e8 preimpregnato con l&#8217;inchiostro selezionato.<\/p>\n","protected":false},"excerpt":{"rendered":"<p><strong>Tampone di ricambio per Trodat 4911<\/strong><br \/>\nFacile da sostituire<\/p>\n","protected":false},"featured_media":2197,"template":"","meta":[],"product_cat":[186],"product_tag":[],"acf":[],"_links":{"self":[{"href":"https:\/\/klenkdesign.com\/it\/wp-json\/wp\/v2\/product\/2901"}],"collection":[{"href":"https:\/\/klenkdesign.com\/it\/wp-json\/wp\/v2\/product"}],"about":[{"href":"https:\/\/klenkdesign.com\/it\/wp-json\/wp\/v2\/types\/product"}],"wp:featuredmedia":[{"embeddable":true,"href":"https:\/\/klenkdesign.com\/it\/wp-json\/wp\/v2\/media\/2197"}],"wp:attachment":[{"href":"https:\/\/klenkdesign.com\/it\/wp-json\/wp\/v2\/media?parent=2901"}],"wp:term":[{"taxonomy":"product_cat","embeddable":true,"href":"https:\/\/klenkdesign.com\/it\/wp-json\/wp\/v2\/product_cat?post=2901"},{"taxonomy":"product_tag","embeddable":true,"href":"https:\/\/klenkdesign.com\/it\/wp-json\/wp\/v2\/product_tag?post=2901"}],"curies":[{"name":"wp","href":"https:\/\/api.w.org\/{rel}","templated":true}]}}