{"id":2936,"date":"2020-05-13T15:03:17","date_gmt":"2020-05-13T13:03:17","guid":{"rendered":"https:\/\/klenkdesign.com\/?post_type=product&#038;p=2936"},"modified":"2022-09-15T23:21:13","modified_gmt":"2022-09-15T21:21:13","slug":"timbro-trodat-printy-4914-64x26-mm","status":"publish","type":"product","link":"https:\/\/klenkdesign.com\/it\/prodotto\/timbro-trodat-printy-4914-64x26-mm\/","title":{"rendered":"Timbro Trodat Printy 4914 (64&#215;26 mm)"},"content":{"rendered":"<p>Il timbro <strong>Trodat Printy 4914 (64&#215;26 mm)<\/strong> \u00e8 un timbro che pu\u00f2 essere utilizzato in tutti i settori. \u00c8 popolare come timbro aziendale con logo e dati di indirizzo.<\/p>\n<p>Per questo timbro \u00e8 disponibile anche un modello di design gratuito nei modelli di design.<\/p>\n","protected":false},"excerpt":{"rendered":"<p>Un buon tuttofare &#8211; spesso usato come <strong>timbro aziendale<\/strong><\/p>\n","protected":false},"featured_media":2214,"template":"","meta":[],"product_cat":[493,184,185],"product_tag":[],"acf":[],"_links":{"self":[{"href":"https:\/\/klenkdesign.com\/it\/wp-json\/wp\/v2\/product\/2936"}],"collection":[{"href":"https:\/\/klenkdesign.com\/it\/wp-json\/wp\/v2\/product"}],"about":[{"href":"https:\/\/klenkdesign.com\/it\/wp-json\/wp\/v2\/types\/product"}],"wp:featuredmedia":[{"embeddable":true,"href":"https:\/\/klenkdesign.com\/it\/wp-json\/wp\/v2\/media\/2214"}],"wp:attachment":[{"href":"https:\/\/klenkdesign.com\/it\/wp-json\/wp\/v2\/media?parent=2936"}],"wp:term":[{"taxonomy":"product_cat","embeddable":true,"href":"https:\/\/klenkdesign.com\/it\/wp-json\/wp\/v2\/product_cat?post=2936"},{"taxonomy":"product_tag","embeddable":true,"href":"https:\/\/klenkdesign.com\/it\/wp-json\/wp\/v2\/product_tag?post=2936"}],"curies":[{"name":"wp","href":"https:\/\/api.w.org\/{rel}","templated":true}]}}