{"id":3133,"date":"2020-05-19T15:55:52","date_gmt":"2020-05-19T13:55:52","guid":{"rendered":"https:\/\/klenkdesign.com\/?post_type=product&#038;p=3133"},"modified":"2022-09-15T23:20:21","modified_gmt":"2022-09-15T21:20:21","slug":"bicchiere-da-acqua-bormioli-rocco-275-cl","status":"publish","type":"product","link":"https:\/\/klenkdesign.com\/it\/prodotto\/bicchiere-da-acqua-bormioli-rocco-275-cl\/","title":{"rendered":"Bicchiere da acqua Bormioli Rocco 27,5 cl"},"content":{"rendered":"<p>Questo bicchiere fa parte della collezione Loto, che s\u2019ispira alle forme della natura e veste la tavola con la sua classe.<\/p>\n<p>Le forme e le capienze di ogni prodotto sono state studiate per valorizzare le caratteristiche di diversi tipi di contenuto: acqua, vino, liquore e bibite.<\/p>\n<p>Questo bicchiere, che ha una capacit\u00e0 di 27 cl, \u00e8 stato pensato per il servizio di acqua naturale o effervescente, e pu\u00f2 essere abbinato al bicchiere da vino della stessa collezione, di capienza inferiore, per una mise en place impeccabile.<\/p>\n<p>Prodotto lavabile in lavastoviglie.<\/p>\n","protected":false},"excerpt":{"rendered":"<p><strong>Colore:\u00a0<\/strong>trasparente<br \/>\n<strong>Materiale:<\/strong>\u00a0vetro<br \/>\n<strong>Capacit\u00e1:\u00a0<\/strong>27,5 cl<strong><br \/>\nAltezza:<\/strong>\u00a0 90 mm<br \/>\n<strong>Circonferenza:<\/strong> 76 mm<\/p>\n","protected":false},"featured_media":3129,"template":"","meta":[],"product_cat":[493,396],"product_tag":[],"acf":[],"_links":{"self":[{"href":"https:\/\/klenkdesign.com\/it\/wp-json\/wp\/v2\/product\/3133"}],"collection":[{"href":"https:\/\/klenkdesign.com\/it\/wp-json\/wp\/v2\/product"}],"about":[{"href":"https:\/\/klenkdesign.com\/it\/wp-json\/wp\/v2\/types\/product"}],"wp:featuredmedia":[{"embeddable":true,"href":"https:\/\/klenkdesign.com\/it\/wp-json\/wp\/v2\/media\/3129"}],"wp:attachment":[{"href":"https:\/\/klenkdesign.com\/it\/wp-json\/wp\/v2\/media?parent=3133"}],"wp:term":[{"taxonomy":"product_cat","embeddable":true,"href":"https:\/\/klenkdesign.com\/it\/wp-json\/wp\/v2\/product_cat?post=3133"},{"taxonomy":"product_tag","embeddable":true,"href":"https:\/\/klenkdesign.com\/it\/wp-json\/wp\/v2\/product_tag?post=3133"}],"curies":[{"name":"wp","href":"https:\/\/api.w.org\/{rel}","templated":true}]}}