{"id":3138,"date":"2020-05-19T16:00:41","date_gmt":"2020-05-19T14:00:41","guid":{"rendered":"https:\/\/klenkdesign.com\/?post_type=product&#038;p=3138"},"modified":"2022-09-15T23:20:20","modified_gmt":"2022-09-15T21:20:20","slug":"bicchiere-da-vino-cortina-bormioli-rocco-19cl","status":"publish","type":"product","link":"https:\/\/klenkdesign.com\/it\/prodotto\/bicchiere-da-vino-cortina-bormioli-rocco-19cl\/","title":{"rendered":"Bicchiere da vino Cortina Bormioli Rocco 19cl"},"content":{"rendered":"<p>Cortina \u00e8 la serie perfetta per ogni momento della giornata. La sua gamma ampia consente infatti di servire ogni tipo di drink. I prodotti, semplici e funzionali, sono ideali per l\u2019utilizzo quotidiano.<\/p>\n<p>Questo bicchiere, che pu\u00f2 essere utilizzato per il servizio di vini bianchi e rossi, ha linee molto pulite, una capacit\u00e0 ridotta rispetto al modello da acqua e una forma leggermente pi\u00f9 stretta.<br \/>\nIl design lineare lo rende perfetto per diverse occasioni d&#8217;uso.<\/p>\n<p>Il bicchiere \u00e8 lavabile in lavastoviglie.<\/p>\n","protected":false},"excerpt":{"rendered":"<p>Bicchiere da vino Bormioli Rocco 19cl<\/p>\n<p><strong>Colore:\u00a0<\/strong>trasparente<br \/>\n<strong>Materiale:<\/strong>\u00a0vetro<br \/>\n<strong>Capacit\u00e1:\u00a0<\/strong>19 cl<strong><br \/>\nAltezza:<\/strong>\u00a0 79 mm<br \/>\n<strong>Circonferenza:<\/strong> 69 mm<\/p>\n","protected":false},"featured_media":3140,"template":"","meta":[],"product_cat":[493,396],"product_tag":[],"acf":[],"_links":{"self":[{"href":"https:\/\/klenkdesign.com\/it\/wp-json\/wp\/v2\/product\/3138"}],"collection":[{"href":"https:\/\/klenkdesign.com\/it\/wp-json\/wp\/v2\/product"}],"about":[{"href":"https:\/\/klenkdesign.com\/it\/wp-json\/wp\/v2\/types\/product"}],"wp:featuredmedia":[{"embeddable":true,"href":"https:\/\/klenkdesign.com\/it\/wp-json\/wp\/v2\/media\/3140"}],"wp:attachment":[{"href":"https:\/\/klenkdesign.com\/it\/wp-json\/wp\/v2\/media?parent=3138"}],"wp:term":[{"taxonomy":"product_cat","embeddable":true,"href":"https:\/\/klenkdesign.com\/it\/wp-json\/wp\/v2\/product_cat?post=3138"},{"taxonomy":"product_tag","embeddable":true,"href":"https:\/\/klenkdesign.com\/it\/wp-json\/wp\/v2\/product_tag?post=3138"}],"curies":[{"name":"wp","href":"https:\/\/api.w.org\/{rel}","templated":true}]}}