{"id":3871,"date":"2020-06-26T12:01:31","date_gmt":"2020-06-26T10:01:31","guid":{"rendered":"https:\/\/klenkdesign.com\/?post_type=product&#038;p=3871"},"modified":"2020-06-26T13:40:26","modified_gmt":"2020-06-26T11:40:26","slug":"cucchiaio-da-cucina-in-legno-di-faggio-ovale-di-30-cm-con-intaglio-cappello-da-cuoco-kopie-2","status":"publish","type":"product","link":"https:\/\/klenkdesign.com\/it\/prodotto\/cucchiaio-da-cucina-in-legno-di-faggio-ovale-di-30-cm-con-intaglio-cappello-da-cuoco-kopie-2\/","title":{"rendered":"Portablocco Clipboard A4"},"content":{"rendered":"<p>Superficie sigillata con vernice trasparente &#8211; liscio al tatto &#8211; il legno \u00e8 pi\u00f9 scuro e la struttura \u00e8 sottolineata &#8211; lo sporco non pu\u00f2 penetrare nel legno &#8211; lavabile e disinfettabile<\/p>\n","protected":false},"excerpt":{"rendered":"<p>Portablocco Clipboard A4 in rovere laccato<br \/>\ncon fermafogli nero<br \/>\nDimensioni per DIN A4: 32,6 x 22 x 0,5 cm<\/p>\n<p>&nbsp;<\/p>\n","protected":false},"featured_media":3873,"template":"","meta":[],"product_cat":[180],"product_tag":[],"acf":[],"_links":{"self":[{"href":"https:\/\/klenkdesign.com\/it\/wp-json\/wp\/v2\/product\/3871"}],"collection":[{"href":"https:\/\/klenkdesign.com\/it\/wp-json\/wp\/v2\/product"}],"about":[{"href":"https:\/\/klenkdesign.com\/it\/wp-json\/wp\/v2\/types\/product"}],"wp:featuredmedia":[{"embeddable":true,"href":"https:\/\/klenkdesign.com\/it\/wp-json\/wp\/v2\/media\/3873"}],"wp:attachment":[{"href":"https:\/\/klenkdesign.com\/it\/wp-json\/wp\/v2\/media?parent=3871"}],"wp:term":[{"taxonomy":"product_cat","embeddable":true,"href":"https:\/\/klenkdesign.com\/it\/wp-json\/wp\/v2\/product_cat?post=3871"},{"taxonomy":"product_tag","embeddable":true,"href":"https:\/\/klenkdesign.com\/it\/wp-json\/wp\/v2\/product_tag?post=3871"}],"curies":[{"name":"wp","href":"https:\/\/api.w.org\/{rel}","templated":true}]}}