{"id":4520,"date":"2020-08-14T15:34:54","date_gmt":"2020-08-14T13:34:54","guid":{"rendered":"https:\/\/klenkdesign.com\/?post_type=product&#038;p=4520"},"modified":"2022-09-15T23:20:48","modified_gmt":"2022-09-15T21:20:48","slug":"coltellino-multiuso-ranger-wood-55-victorinox-personalizzabile","status":"publish","type":"product","link":"https:\/\/klenkdesign.com\/it\/prodotto\/coltellino-multiuso-ranger-wood-55-victorinox-personalizzabile\/","title":{"rendered":"Coltellino multiuso Ranger Wood 55"},"content":{"rendered":"<h2 class=\"title e-h2\">Multiuso grande con eleganti guance in legno<\/h2>\n<div class=\"group-richtext\">Ranger Wood 55 \u00e8 pieno di strumenti che ti aiuteranno a risolvere ogni situazione quotidiana. \u00c8 provvisto di seghetto per legno e lama grande bloccabile. Ma ci\u00f2 che colpisce di pi\u00f9 \u00e8 la bellezza dei suoi fianchi color noce. Sono la prima cosa che noterai quando lo vedrai, e sono ci\u00f2 che ricorderai di pi\u00f9 quando lo rimetterai in tasca.<\/div>\n","protected":false},"excerpt":{"rendered":"<p>Vincitore del Red Dot Award: Product Design 2015<br \/>\nMultiuso realizzato in Svizzera con 10 funzioni ed eleganti guance in legno<br \/>\nInclude una lama bloccabile grande e un seghetto per legno<\/p>\n<p>Altezza: 22.5\u00a0 mm<br \/>\nLunghezza: 130 mm<br \/>\nPeso: 163 g<\/p>\n","protected":false},"featured_media":4532,"template":"","meta":[],"product_cat":[361,528,513,376,493,180],"product_tag":[],"acf":[],"_links":{"self":[{"href":"https:\/\/klenkdesign.com\/it\/wp-json\/wp\/v2\/product\/4520"}],"collection":[{"href":"https:\/\/klenkdesign.com\/it\/wp-json\/wp\/v2\/product"}],"about":[{"href":"https:\/\/klenkdesign.com\/it\/wp-json\/wp\/v2\/types\/product"}],"wp:featuredmedia":[{"embeddable":true,"href":"https:\/\/klenkdesign.com\/it\/wp-json\/wp\/v2\/media\/4532"}],"wp:attachment":[{"href":"https:\/\/klenkdesign.com\/it\/wp-json\/wp\/v2\/media?parent=4520"}],"wp:term":[{"taxonomy":"product_cat","embeddable":true,"href":"https:\/\/klenkdesign.com\/it\/wp-json\/wp\/v2\/product_cat?post=4520"},{"taxonomy":"product_tag","embeddable":true,"href":"https:\/\/klenkdesign.com\/it\/wp-json\/wp\/v2\/product_tag?post=4520"}],"curies":[{"name":"wp","href":"https:\/\/api.w.org\/{rel}","templated":true}]}}