{"id":4597,"date":"2020-08-17T15:54:54","date_gmt":"2020-08-17T13:54:54","guid":{"rendered":"https:\/\/klenkdesign.com\/?post_type=product&#038;p=4597"},"modified":"2023-03-15T10:16:21","modified_gmt":"2023-03-15T09:16:21","slug":"coltellino-svizzero-in-noce-victorinox-huntsman-wood","status":"publish","type":"product","link":"https:\/\/klenkdesign.com\/it\/prodotto\/coltellino-svizzero-in-noce-victorinox-huntsman-wood\/","title":{"rendered":"Coltellino Svizzero in noce Victorinox Huntsman Wood"},"content":{"rendered":"<h2 class=\"title e-h2\">Multiuso con eleganti guance in noce personalizzabile<\/h2>\n<div class=\"group-richtext\">\n<p>Il coltellino Huntsman Wood \u00e8 un connubio perfetto fra forma e funzionalit\u00e0. Quando sei pronto a partire per l\u2019avventura, devi essere sicuro che sia tutto in ordine. Questo coltello \u00e8 il compagno perfetto lungo il sentiero, con le sue 11 funzioni essenziali che si occupano di tutte le attivit\u00e0 basilari. Realizzato in elegante noce europeo sostenibile, ogni coltello \u00e8 unico grazie alla favolosa patina naturale del legno. Con questo coltello ti sentirai sicuro di te, esperto e libero di seguire il tuo cammino.<\/p>\n<\/div>\n","protected":false},"excerpt":{"rendered":"<p>Realizzato in elegante noce europeo<br \/>\nMultiuso realizzato in Svizzera con 11 funzioni<\/p>\n<p>Altezza: 19 mm<br \/>\nLunghezza: 91 mm<br \/>\nPeso: 62 g<\/p>\n","protected":false},"featured_media":4601,"template":"","meta":[],"product_cat":[361,528,513,376,493,180],"product_tag":[],"acf":[],"_links":{"self":[{"href":"https:\/\/klenkdesign.com\/it\/wp-json\/wp\/v2\/product\/4597"}],"collection":[{"href":"https:\/\/klenkdesign.com\/it\/wp-json\/wp\/v2\/product"}],"about":[{"href":"https:\/\/klenkdesign.com\/it\/wp-json\/wp\/v2\/types\/product"}],"wp:featuredmedia":[{"embeddable":true,"href":"https:\/\/klenkdesign.com\/it\/wp-json\/wp\/v2\/media\/4601"}],"wp:attachment":[{"href":"https:\/\/klenkdesign.com\/it\/wp-json\/wp\/v2\/media?parent=4597"}],"wp:term":[{"taxonomy":"product_cat","embeddable":true,"href":"https:\/\/klenkdesign.com\/it\/wp-json\/wp\/v2\/product_cat?post=4597"},{"taxonomy":"product_tag","embeddable":true,"href":"https:\/\/klenkdesign.com\/it\/wp-json\/wp\/v2\/product_tag?post=4597"}],"curies":[{"name":"wp","href":"https:\/\/api.w.org\/{rel}","templated":true}]}}