{"id":4667,"date":"2020-08-18T11:53:38","date_gmt":"2020-08-18T09:53:38","guid":{"rendered":"https:\/\/klenkdesign.com\/?post_type=product&#038;p=4667"},"modified":"2022-09-15T23:20:46","modified_gmt":"2022-09-15T21:20:46","slug":"coltellino-tascabile-evolution-wood-14-victorinox","status":"publish","type":"product","link":"https:\/\/klenkdesign.com\/it\/prodotto\/coltellino-tascabile-evolution-wood-14-victorinox\/","title":{"rendered":"Coltellino tascabile Evolution Wood 14"},"content":{"rendered":"<h2 class=\"title e-h2\">Il multiuso medio con eleganti guance in legno personalizzabile<\/h2>\n<div class=\"group-richtext\">La collezione Evolution \u00e8 fatta per persone cui piace pensare oltre. Offre tutti gli strumenti che ti servono nelle tue avventure quotidiane, organizzati tra le guance forgiate in modo speciale per offrire maggiore presa e stabilit\u00e0. Lavora pi\u00f9 velocemente e pi\u00f9 facilmente con questo piccolo pezzo di evoluzione che si adatta alla tua tasca.<\/div>\n","protected":false},"excerpt":{"rendered":"<p>12 funzioni,Eleganti guance in legno <br \/>\nForbici<\/p>\n<p>Altezza: 20mm<br \/>\nLunghezza: 85mm<br \/>\nPeso: 73g<\/p>\n<p>&nbsp;<\/p>\n","protected":false},"featured_media":4671,"template":"","meta":[],"product_cat":[361,528,513,493,180],"product_tag":[],"acf":[],"_links":{"self":[{"href":"https:\/\/klenkdesign.com\/it\/wp-json\/wp\/v2\/product\/4667"}],"collection":[{"href":"https:\/\/klenkdesign.com\/it\/wp-json\/wp\/v2\/product"}],"about":[{"href":"https:\/\/klenkdesign.com\/it\/wp-json\/wp\/v2\/types\/product"}],"wp:featuredmedia":[{"embeddable":true,"href":"https:\/\/klenkdesign.com\/it\/wp-json\/wp\/v2\/media\/4671"}],"wp:attachment":[{"href":"https:\/\/klenkdesign.com\/it\/wp-json\/wp\/v2\/media?parent=4667"}],"wp:term":[{"taxonomy":"product_cat","embeddable":true,"href":"https:\/\/klenkdesign.com\/it\/wp-json\/wp\/v2\/product_cat?post=4667"},{"taxonomy":"product_tag","embeddable":true,"href":"https:\/\/klenkdesign.com\/it\/wp-json\/wp\/v2\/product_tag?post=4667"}],"curies":[{"name":"wp","href":"https:\/\/api.w.org\/{rel}","templated":true}]}}