{"id":5783,"date":"2020-11-12T16:24:37","date_gmt":"2020-11-12T15:24:37","guid":{"rendered":"https:\/\/klenkdesign.com\/?post_type=product&#038;p=5783"},"modified":"2021-03-30T12:58:31","modified_gmt":"2021-03-30T10:58:31","slug":"cubetti-refrigeranti-a-forma-di-teschio-2-pezzi","status":"publish","type":"product","link":"https:\/\/klenkdesign.com\/it\/prodotto\/cubetti-refrigeranti-a-forma-di-teschio-2-pezzi\/","title":{"rendered":"Cubetti refrigeranti a forma di teschio 2 pezzi"},"content":{"rendered":"","protected":false},"excerpt":{"rendered":"<p id=\"tw-target-text\" class=\"tw-data-text tw-text-large XcVN5d tw-ta\" dir=\"ltr\" data-placeholder=\"Traduzione\"><span lang=\"it\">Due divertenti sassolini a forma di teschi in acciaio inossidabile. Metterli nel congelatore 2 ore prima dell&#8217;uso. <br \/>\nSe li usi al posto dei cubetti di ghiaccio, non verr\u00e0 aggiunta acqua extra alla tua bevanda e la tua bevanda manterr\u00e0 il suo vero sapore. Un regalo divertente! \u00c8 inclusa una cartella di ricette per bevande.<\/span><\/p>\n<p>&nbsp;<\/p>\n","protected":false},"featured_media":5797,"template":"","meta":[],"product_cat":[299,180],"product_tag":[],"acf":[],"_links":{"self":[{"href":"https:\/\/klenkdesign.com\/it\/wp-json\/wp\/v2\/product\/5783"}],"collection":[{"href":"https:\/\/klenkdesign.com\/it\/wp-json\/wp\/v2\/product"}],"about":[{"href":"https:\/\/klenkdesign.com\/it\/wp-json\/wp\/v2\/types\/product"}],"wp:featuredmedia":[{"embeddable":true,"href":"https:\/\/klenkdesign.com\/it\/wp-json\/wp\/v2\/media\/5797"}],"wp:attachment":[{"href":"https:\/\/klenkdesign.com\/it\/wp-json\/wp\/v2\/media?parent=5783"}],"wp:term":[{"taxonomy":"product_cat","embeddable":true,"href":"https:\/\/klenkdesign.com\/it\/wp-json\/wp\/v2\/product_cat?post=5783"},{"taxonomy":"product_tag","embeddable":true,"href":"https:\/\/klenkdesign.com\/it\/wp-json\/wp\/v2\/product_tag?post=5783"}],"curies":[{"name":"wp","href":"https:\/\/api.w.org\/{rel}","templated":true}]}}