{"id":9886,"date":"2022-09-08T16:45:34","date_gmt":"2022-09-08T14:45:34","guid":{"rendered":"https:\/\/klenkdesign.com\/?post_type=product&#038;p=9886"},"modified":"2022-09-08T16:45:34","modified_gmt":"2022-09-08T14:45:34","slug":"cbd-pommade-fonctionnelle-sport-hot-100-ml-dispositivo-medico","status":"publish","type":"product","link":"https:\/\/klenkdesign.com\/it\/prodotto\/cbd-pommade-fonctionnelle-sport-hot-100-ml-dispositivo-medico\/","title":{"rendered":"CBD POMMADE fonctionnelle SPORT HOT 100 ml \u2013 dispositivo medico"},"content":{"rendered":"<p>CBD POMMADE fonctionnelle SPORT HOT \u00e8 un dispositivo medico, con olio di canapa e CBD, indicato per riscaldare la muscolatura prima dell\u2019attivit\u00e0 fisica e alleviare le tensioni muscolari e senso di fatica dopo l\u2019attivit\u00e0 fisica. POMMADE HOT \u00e8 utile anche per alleviare il dolore e tensioni localizzate associati a problemi muscolari e articolari. \u00c8 Indicata per il riscaldamento muscolare prima dell\u2019attivit\u00e0 sportiva e come defaticante dopo. Utile anche per dolori muscolari e articolari di varia natura, come artrosi, che rispondono ad un massaggio riscaldante.<\/p>\n","protected":false},"excerpt":{"rendered":"<p>CBD POMMADE fonctionnelle SPORT HOT \u00e8 un dispositivo medico, con olio di canapa e CBD, indicato per riscaldare la muscolatura prima dell\u2019attivit\u00e0 fisica e alleviare le tensioni muscolari e senso di fatica dopo l\u2019attivit\u00e0 fisica. POMMADE HOT \u00e8 utile anche per alleviare il dolore e tensioni localizzate associati a problemi muscolari e articolari. \u00c8 Indicata per il riscaldamento muscolare prima dell\u2019attivit\u00e0 sportiva e come defaticante dopo. Utile anche per dolori muscolari e articolari di varia natura, come artrosi, che rispondono ad un massaggio riscaldante.<\/p>\n","protected":false},"featured_media":9826,"template":"","meta":[],"product_cat":[485],"product_tag":[],"acf":[],"_links":{"self":[{"href":"https:\/\/klenkdesign.com\/it\/wp-json\/wp\/v2\/product\/9886"}],"collection":[{"href":"https:\/\/klenkdesign.com\/it\/wp-json\/wp\/v2\/product"}],"about":[{"href":"https:\/\/klenkdesign.com\/it\/wp-json\/wp\/v2\/types\/product"}],"wp:featuredmedia":[{"embeddable":true,"href":"https:\/\/klenkdesign.com\/it\/wp-json\/wp\/v2\/media\/9826"}],"wp:attachment":[{"href":"https:\/\/klenkdesign.com\/it\/wp-json\/wp\/v2\/media?parent=9886"}],"wp:term":[{"taxonomy":"product_cat","embeddable":true,"href":"https:\/\/klenkdesign.com\/it\/wp-json\/wp\/v2\/product_cat?post=9886"},{"taxonomy":"product_tag","embeddable":true,"href":"https:\/\/klenkdesign.com\/it\/wp-json\/wp\/v2\/product_tag?post=9886"}],"curies":[{"name":"wp","href":"https:\/\/api.w.org\/{rel}","templated":true}]}}