{"id":9888,"date":"2022-09-08T17:10:13","date_gmt":"2022-09-08T15:10:13","guid":{"rendered":"https:\/\/klenkdesign.com\/?post_type=product&#038;p=9888"},"modified":"2023-11-05T16:20:09","modified_gmt":"2023-11-05T15:20:09","slug":"collana-skyla-montagna-noce","status":"publish","type":"product","link":"https:\/\/klenkdesign.com\/it\/prodotto\/collana-skyla-montagna-noce\/","title":{"rendered":"Collana Skyla &#8220;Montagna&#8221; &#8211; Noce"},"content":{"rendered":"<p>Indossa sempre un piccolo pezzo di casa con questa collana unica del marchio austriaco EYDL. Per gli amanti della montagna e della natura, questa collana \u00e8 un regalo perfetto per ogni occasione. Il gioiello \u00e8 privo di nichel ed \u00e8 realizzato individualmente a mano. Il ciondolo ha un diametro di 17 mm ed \u00e8 realizzato in noce locale!<\/p>\n","protected":false},"excerpt":{"rendered":"<ul>\n<li>Design elegante<\/li>\n<li>con legno noce<\/li>\n<li>catenina in acciaio inossidabile argento<br \/>\nEAN: 9010328039881<\/li>\n<\/ul>\n","protected":false},"featured_media":9889,"template":"","meta":[],"product_cat":[487,376,339],"product_tag":[],"acf":[],"_links":{"self":[{"href":"https:\/\/klenkdesign.com\/it\/wp-json\/wp\/v2\/product\/9888"}],"collection":[{"href":"https:\/\/klenkdesign.com\/it\/wp-json\/wp\/v2\/product"}],"about":[{"href":"https:\/\/klenkdesign.com\/it\/wp-json\/wp\/v2\/types\/product"}],"wp:featuredmedia":[{"embeddable":true,"href":"https:\/\/klenkdesign.com\/it\/wp-json\/wp\/v2\/media\/9889"}],"wp:attachment":[{"href":"https:\/\/klenkdesign.com\/it\/wp-json\/wp\/v2\/media?parent=9888"}],"wp:term":[{"taxonomy":"product_cat","embeddable":true,"href":"https:\/\/klenkdesign.com\/it\/wp-json\/wp\/v2\/product_cat?post=9888"},{"taxonomy":"product_tag","embeddable":true,"href":"https:\/\/klenkdesign.com\/it\/wp-json\/wp\/v2\/product_tag?post=9888"}],"curies":[{"name":"wp","href":"https:\/\/api.w.org\/{rel}","templated":true}]}}