{"id":9956,"date":"2022-09-09T09:01:49","date_gmt":"2022-09-09T07:01:49","guid":{"rendered":"https:\/\/klenkdesign.com\/?post_type=product&#038;p=9956"},"modified":"2023-11-05T16:20:09","modified_gmt":"2023-11-05T15:20:09","slug":"bracciale-skyla-cuore-noce","status":"publish","type":"product","link":"https:\/\/klenkdesign.com\/it\/prodotto\/bracciale-skyla-cuore-noce\/","title":{"rendered":"Bracciale Skyla &#8220;Cuore&#8221; &#8211; Noce"},"content":{"rendered":"<p>Un regalo fantastico per qualsiasi appassionato di montagna o amante delle escursioni! La combinazione di legno di noce e l&#8217;elegante catenina in acciaio inossidabile \u00e8 meravigliosa su ogni polso. Il bracciale \u00e8 privo di nichel ed \u00e8 realizzato a mano con cura.<\/p>\n","protected":false},"excerpt":{"rendered":"<ul>\n<li>catenina in acciaio inossidabile argento (senza nichel)<\/li>\n<li>con legno noce<\/li>\n<li>ciondolo diametro 1,3 cm<br \/>\nEAN: 9010328045226<\/li>\n<\/ul>\n","protected":false},"featured_media":9924,"template":"","meta":[],"product_cat":[487,376,339],"product_tag":[],"acf":[],"_links":{"self":[{"href":"https:\/\/klenkdesign.com\/it\/wp-json\/wp\/v2\/product\/9956"}],"collection":[{"href":"https:\/\/klenkdesign.com\/it\/wp-json\/wp\/v2\/product"}],"about":[{"href":"https:\/\/klenkdesign.com\/it\/wp-json\/wp\/v2\/types\/product"}],"wp:featuredmedia":[{"embeddable":true,"href":"https:\/\/klenkdesign.com\/it\/wp-json\/wp\/v2\/media\/9924"}],"wp:attachment":[{"href":"https:\/\/klenkdesign.com\/it\/wp-json\/wp\/v2\/media?parent=9956"}],"wp:term":[{"taxonomy":"product_cat","embeddable":true,"href":"https:\/\/klenkdesign.com\/it\/wp-json\/wp\/v2\/product_cat?post=9956"},{"taxonomy":"product_tag","embeddable":true,"href":"https:\/\/klenkdesign.com\/it\/wp-json\/wp\/v2\/product_tag?post=9956"}],"curies":[{"name":"wp","href":"https:\/\/api.w.org\/{rel}","templated":true}]}}